{"id":91,"date":"2018-05-30T18:56:51","date_gmt":"2018-05-30T18:56:51","guid":{"rendered":"https:\/\/themeansar.com\/demo\/wp\/businessup\/lite\/?page_id=2"},"modified":"2019-03-28T17:05:18","modified_gmt":"2019-03-28T17:05:18","slug":"analiza-de-piata","status":"publish","type":"page","link":"https:\/\/motorinvest.ro\/index.php\/analiza-de-piata\/","title":{"rendered":"Planificarea investi\u021biilor"},"content":{"rendered":"\n<h2 class=\"wp-block-heading\">Studiu de pia\u021b\u0103<\/h2>\n\n\n\n<p class=\"has-small-font-size\"><em>&#8211; coordonatele mediului de afaceri<\/em><\/p>\n\n\n\n<p>Din momentul realiz\u0103rii analizei studiului de pia\u021b\u0103 persoanele interesate vor de\u021bine informa\u021biile cu privire la necesitatea \u0219i oportunitatea introducerii de produse sau servicii pe pia\u021ba selectat\u0103. De asemenea, exist\u0103 posibilitatea descoperirii de noi segmente \u00een cadrul unei pie\u021be existente. Pe baza studiului de pia\u021b\u0103 se poate realiza un plan de marketing sau se poate ob\u021bine un avantaj competitiv \u00een vederea dezvolt\u0103rii afacerii sau crearea unei noi infrastructuri.<\/p>\n\n\n\n<p>Societatea furnizeaz\u0103 servicii de consultan\u021b\u0103 \u00een management prin accentuarea componentei de dezvoltarea a afacerilor. Vom analiza \u0219i revizui clien\u021bii \u0219i pia\u021ba societ\u0103\u021bii, precum \u0219i oportunit\u0103\u021bile de afaceri. Ve\u021bi primi ajutor pentru rezolvarea eficient\u0103 a problemelor \u00een vederea expansiunii pe pia\u021b\u0103 prin cre\u0219terea sustenabil\u0103.<\/p>\n\n\n\n<hr class=\"wp-block-separator\"\/>\n\n\n\n<h2 class=\"wp-block-heading\">Studiu de Fezabilitate <\/h2>\n\n\n\n<p class=\"has-small-font-size\"><em>&#8211; dimensionarea afacerii <\/em><\/p>\n\n\n\n<p>Creat\npe baza studiului de pia\u021b\u0103, studiul de fezabilitate\/func\u021bionalitate are rolul\nde a prezenta specificul afacerii, \u00een func\u021bie de domeniul, tipul \u0219i activitatea\ndesf\u0103\u0219urat\u0103 \u0219i a forma o imagine clar\u0103 asupra infrastructurii de afaceri\nnecesare \u00een scopul acoperirii segmentelor de pia\u021b\u0103 dezv\u0103luite.<\/p>\n\n\n\n<p>Societatea furnizeaz\u0103 servicii de consultan\u021b\u0103 \u00een management, \u00een completarea componentei de dezvoltarea a afacerilor. Ne vom asigura de \u00eentocmirea bugetului pentru dezvoltarea infrastructurii \u00een concordan\u021b\u0103 cu fluxul tehnologic \u0219i vom propune structura organizatoric\u0103, num\u0103rul de angaja\u021bi, precum \u0219i metodele de management. Eforturile depuse \u00een realizarea studiului de fezabilitate\/ func\u021bionalitate vor crea premisele unei afaceri \u0219i vor oferi solu\u021bii \u00een ceea ce prive\u0219te know-how-ul utilizat conduc\u00e2nd spre dezvoltarea afacerii. Infrastructura de afaceri va fi dimensionat\u0103 \u00een str\u00e2ns\u0103 corelare cu volumul v\u00e2nz\u0103rilor preconizate, specificul pie\u021bei, volumul \u0219i tipul resursei umane necesare pentru a duce la \u00eendeplinire activit\u0103\u021bile opera\u021bionale ce pot fi prev\u0103zute \u00een cadrul planului de afaceri. <\/p>\n\n\n\n<hr class=\"wp-block-separator\"\/>\n","protected":false},"excerpt":{"rendered":"<p>Studiu de pia\u021b\u0103 &#8211; coordonatele mediului de afaceri Din momentul realiz\u0103rii analizei studiului de pia\u021b\u0103 persoanele interesate vor de\u021bine informa\u021biile cu privire la necesitatea \u0219i oportunitatea introducerii de produse sau servicii pe pia\u021ba selectat\u0103. De asemenea, exist\u0103 posibilitatea descoperirii de noi segmente \u00een cadrul unei pie\u021be existente. Pe baza studiului de pia\u021b\u0103 se poate realiza<br \/><a class=\"btn btn-theme post-btn\" href=\"https:\/\/motorinvest.ro\/index.php\/analiza-de-piata\/\">Read More<\/a><\/p>\n","protected":false},"author":1,"featured_media":0,"parent":0,"menu_order":0,"comment_status":"closed","ping_status":"open","template":"","meta":{"om_disable_all_campaigns":false,"footnotes":""},"class_list":["post-91","page","type-page","status-publish","hentry"],"aioseo_notices":[],"_links":{"self":[{"href":"https:\/\/motorinvest.ro\/index.php\/wp-json\/wp\/v2\/pages\/91","targetHints":{"allow":["GET"]}}],"collection":[{"href":"https:\/\/motorinvest.ro\/index.php\/wp-json\/wp\/v2\/pages"}],"about":[{"href":"https:\/\/motorinvest.ro\/index.php\/wp-json\/wp\/v2\/types\/page"}],"author":[{"embeddable":true,"href":"https:\/\/motorinvest.ro\/index.php\/wp-json\/wp\/v2\/users\/1"}],"replies":[{"embeddable":true,"href":"https:\/\/motorinvest.ro\/index.php\/wp-json\/wp\/v2\/comments?post=91"}],"version-history":[{"count":6,"href":"https:\/\/motorinvest.ro\/index.php\/wp-json\/wp\/v2\/pages\/91\/revisions"}],"predecessor-version":[{"id":167,"href":"https:\/\/motorinvest.ro\/index.php\/wp-json\/wp\/v2\/pages\/91\/revisions\/167"}],"wp:attachment":[{"href":"https:\/\/motorinvest.ro\/index.php\/wp-json\/wp\/v2\/media?parent=91"}],"curies":[{"name":"wp","href":"https:\/\/api.w.org\/{rel}","templated":true}]}}