{"id":268,"date":"2021-09-03T10:20:02","date_gmt":"2021-09-03T10:20:02","guid":{"rendered":"https:\/\/motorinvest.ro\/?page_id=268"},"modified":"2021-09-03T10:22:40","modified_gmt":"2021-09-03T10:22:40","slug":"submasura-6-2-sprijin-pentru-infiintarea-de-activitati-neagricole-in-zone-rurale","status":"publish","type":"page","link":"https:\/\/motorinvest.ro\/index.php\/submasura-6-2-sprijin-pentru-infiintarea-de-activitati-neagricole-in-zone-rurale\/","title":{"rendered":"SUBM\u0102SURA 6.2  SPRIJIN PENTRU \u00ceNFIIN\u0162AREA DE ACTIVIT\u0102\u0162I NEAGRICOLE \u00ceN ZONE RURALE"},"content":{"rendered":"\n<p>SOLICITANTI ELIGIBILI: <\/p>\n\n\n\n<p>Fermieri sau membrii unei gospodarii agricole care \u00ee\u015fi diversific\u0103 activitatea prin \u00eenfiin\u0163area unei activit\u0103\u0163i neagricole pentru prima dat\u0103 \u00een spa\u0163iul rural (autoriza\u0163i cu statut minim de PFA);<\/p>\n\n\n\n<p>Micro-\u00eentreprinderi \u015fi \u00eentreprinderi mici existente din spa\u0163iul rural, care \u00ee\u015fi propun activit\u0103\u0163i neagricole pe care nu le-au mai efectuat p\u00e2n\u0103 la data aplic\u0103rii pentru sprijin;<\/p>\n\n\n\n<p>Micro-\u00eentreprinderi \u015fi \u00eentreprinderi mici noi, \u00eenfiin\u0163ate \u00een anul depunerii aplica\u0163iei de finan\u0163are sau cu o vechime de maximum 3 ani fiscali consecutivi, care nu au desf\u0103\u015furat activit\u0103\u0163i p\u00e2n\u0103 \u00een momentul depunerii acesteia (start-ups).<\/p>\n\n\n\n<p>SPRIJINUL PUBLIC NERAMBURSABIL &#8211;  FORFETAR:<\/p>\n\n\n\n<p>\uf0fe    50.000 de euro\/ proiect- servicii<br>\uf0fe    70.000 de euro\/ proiect- productie<\/p>\n\n\n\n<p>CONDITII DE ELIGIBILITATE:<\/p>\n\n\n\n<p>Micro-\u00eentreprinderile \u015fi \u00eentreprinderile mici, at\u00e2t cele existente c\u00e2t \u015fi cele nou \u00eenfiin\u0163ate (start-up) trebuie s\u0103 fie \u00eenregistrate la ONRC \u015fi s\u0103-\u015fi desf\u0103\u015foare activitatea \u00een spa\u0163iul rural (at\u00e2t sediul social, c\u00e2t \u015fi punctul\/punctele de lucru trebuie s\u0103 fie amplasate \u00een mediul rural).<\/p>\n\n\n\n<p>Nu sunt eligibili solicitan\u0163ii ai c\u0103ror asocia\u0163i\/ac\u021bionari de\u0163in p\u0103r\u0163i sociale \u00een cadrul altor \u00eentreprinderi care \u00ee\u015fi desf\u0103\u015foar\u0103 activitatea \u00een baza aceluia\u015fi\/acelorasi cod\/coduri CAEN autorizat\/autorizate la ONRC, ca cel\/cele propus\/propuse prin Planul de afaceri sau a unor coduri CAEN complementare acestuia\/acestora, autorizate.<\/p>\n\n\n\n<p>TIPURI DE COSTURI ELIGIBILE<\/p>\n\n\n\n<pre class=\"wp-block-code\"><code> Realizarea de constructii\n Cheltuieli cu echipamente mijloace fixe\n Chetuieli cu Capitalul de lucru\n Cheltuieli cu mijloacele de transport specializate:<\/code><\/pre>\n\n\n\n<p>\uf076    Ambulan\u021ba uman\u0103;<br>\uf076    Autospecial\u0103 pentru salubrizare;<br>\uf076    Masina specializata pentru interven\u021bii, prev\u0103zut\u0103 cu nacel\u0103 pentru execu\u021bia de lucr\u0103ri la \u00eenal\u021bime;<br>\uf076    Autocistern\u0103 pentru produse nealimentare (doar autocistern\u0103 pe auto\u015fasiu &#8211; exclus cap tractor \u0219i remorca autocisterna sau una din ele separat)<br>\uf076    Ma\u0219ina de m\u0103turat carosabilul;<br>\uf076    Auto betonier\u0103;<br>\uf076    Autovidanj\u0103;<br>\uf076    Utilaj specializat pentru \u00eempr\u0103\u0219tiere material antiderapant (este eligibil doar dac\u0103 echipamentul este montat direct pe auto\u0219asiu, far\u0103 a putea fi deta\u0219at);<br>\uf076    Mijloc de transport de agrement (ex.: ATV, biciclete, trotinete etc.).<\/p>\n","protected":false},"excerpt":{"rendered":"<p>SOLICITANTI ELIGIBILI: Fermieri sau membrii unei gospodarii agricole care \u00ee\u015fi diversific\u0103 activitatea prin \u00eenfiin\u0163area unei activit\u0103\u0163i neagricole pentru prima dat\u0103 \u00een spa\u0163iul rural (autoriza\u0163i cu statut minim de PFA); Micro-\u00eentreprinderi \u015fi \u00eentreprinderi mici existente din spa\u0163iul rural, care \u00ee\u015fi propun activit\u0103\u0163i neagricole pe care nu le-au mai efectuat p\u00e2n\u0103 la data aplic\u0103rii pentru sprijin; Micro-\u00eentreprinderi<br \/><a class=\"btn btn-theme post-btn\" href=\"https:\/\/motorinvest.ro\/index.php\/submasura-6-2-sprijin-pentru-infiintarea-de-activitati-neagricole-in-zone-rurale\/\">Read More<\/a><\/p>\n","protected":false},"author":1,"featured_media":0,"parent":0,"menu_order":0,"comment_status":"closed","ping_status":"closed","template":"","meta":{"om_disable_all_campaigns":false,"footnotes":""},"class_list":["post-268","page","type-page","status-publish","hentry"],"aioseo_notices":[],"_links":{"self":[{"href":"https:\/\/motorinvest.ro\/index.php\/wp-json\/wp\/v2\/pages\/268","targetHints":{"allow":["GET"]}}],"collection":[{"href":"https:\/\/motorinvest.ro\/index.php\/wp-json\/wp\/v2\/pages"}],"about":[{"href":"https:\/\/motorinvest.ro\/index.php\/wp-json\/wp\/v2\/types\/page"}],"author":[{"embeddable":true,"href":"https:\/\/motorinvest.ro\/index.php\/wp-json\/wp\/v2\/users\/1"}],"replies":[{"embeddable":true,"href":"https:\/\/motorinvest.ro\/index.php\/wp-json\/wp\/v2\/comments?post=268"}],"version-history":[{"count":3,"href":"https:\/\/motorinvest.ro\/index.php\/wp-json\/wp\/v2\/pages\/268\/revisions"}],"predecessor-version":[{"id":273,"href":"https:\/\/motorinvest.ro\/index.php\/wp-json\/wp\/v2\/pages\/268\/revisions\/273"}],"wp:attachment":[{"href":"https:\/\/motorinvest.ro\/index.php\/wp-json\/wp\/v2\/media?parent=268"}],"curies":[{"name":"wp","href":"https:\/\/api.w.org\/{rel}","templated":true}]}}