{"id":260,"date":"2021-09-03T10:14:33","date_gmt":"2021-09-03T10:14:33","guid":{"rendered":"https:\/\/motorinvest.ro\/?page_id=260"},"modified":"2021-09-03T10:23:21","modified_gmt":"2021-09-03T10:23:21","slug":"submasura-6-4-sprijin-pentru-investitii-in-crearea-si-dezvoltarea-de-activitati-neagricole","status":"publish","type":"page","link":"https:\/\/motorinvest.ro\/index.php\/submasura-6-4-sprijin-pentru-investitii-in-crearea-si-dezvoltarea-de-activitati-neagricole\/","title":{"rendered":"SUBM\u0102SURA 6.4 SPRIJIN PENTRU INVESTI\u0162II \u00ceN CREAREA  \u015eI DEZVOLTAREA DE ACTIVIT\u0102\u0162I NEAGRICOLE"},"content":{"rendered":"\n<p>SOLICITANTI ELIGIBILI: <\/p>\n\n\n\n<p>Micro-\u00eentreprinderi \u015fi \u00eentreprinderi neagricole mici existente \u015fi nou-\u00eenfiin\u0163ate (start-ups) din spa\u0163iul rural;<\/p>\n\n\n\n<p>Fermieri sau membrii unor gospod\u0103rii agricole (autoriza\u0163i cu statut minim pe PFA) care \u00ee\u015fi diversific\u0103 activitatea de baz\u0103 agricol\u0103 prin dezvoltarea unei activit\u0103\u0163i neagricole \u00een zona rural\u0103 \u00een cadrul \u00eentreprinderii deja existente, \u00eencadrabile \u00een micro-\u00eentreprinderi \u015fi \u00eentreprinderi mici, cu excep\u0163ia persoanelor fizice neautorizate. <\/p>\n\n\n\n<p>SPRIJINUL PUBLIC NERAMBURSABIL:<\/p>\n\n\n\n<p>\uf0fe    10.000-200.000 euro<\/p>\n\n\n\n<p>VALOAREA SPRIJINULUI NERAMBURSABIL:<\/p>\n\n\n\n<p>\uf0fe    70 %- servicii<br>\uf0fe    90 %- productie<\/p>\n\n\n\n<p>CONDITII DE ELIGIBILITATE:<\/p>\n\n\n\n<p>\uf0fe    Localizarea proiectului pentru care se solicit\u0103 finan\u021bare trebuie s\u0103 fie \u00een spa\u021biul rural;<br> \uf0fe    Sediul social al solicitantului trebuie s\u0103 fie situat \u00een spa\u021biul rural;<br> \uf0fe    Solicitantul trebuie s\u0103 demonstreze capacitatea de a asigura co-finan\u0163area investi\u0163iei;<br> \uf0fe    \u00centreprinderea nu trebuie s\u0103 fie \u00een dificultate \u00een conformitate cu Liniile directoare privind ajutorul de stat pentru salvarea \u015fi restructurarea \u00eentreprinderilor \u00een dificultate;<\/p>\n\n\n\n<p>TIPURI DE COSTURI ELIGIBILE <\/p>\n\n\n\n<pre class=\"wp-block-code\"><code> Cheltuieli cu echipamente mijloace fixe\n Chetuieli cu constructii\/modernizare\n Cheltuieli cu mijloacele de transport specializate:<\/code><\/pre>\n\n\n\n<p>\uf076    Ambulan\u021ba uman\u0103;<br>\uf076    Autospecial\u0103 pentru salubrizare;<br>\uf076    Masina specializata pentru interven\u021bii, prev\u0103zut\u0103 cu nacel\u0103 pentru execu\u021bia de lucr\u0103ri la \u00eenal\u021bime;<br>\uf076    Autocistern\u0103 pentru produse nealimentare (doar autocistern\u0103 pe auto\u015fasiu &#8211; exclus cap tractor \u0219i remorca autocisterna sau una din ele separat)<br>\uf076    Ma\u0219ina de m\u0103turat carosabilul;<br>\uf076    Auto betonier\u0103;<br>\uf076    Autovidanj\u0103;<br>\uf076    Utilaj specializat pentru \u00eempr\u0103\u0219tiere material antiderapant (este eligibil doar dac\u0103 echipamentul este montat direct pe auto\u0219asiu, far\u0103 a putea fi deta\u0219at);<br>\uf076    Mijloc de transport de agrement (ex.: ATV, biciclete, trotinete etc.).<\/p>\n","protected":false},"excerpt":{"rendered":"<p>SOLICITANTI ELIGIBILI: Micro-\u00eentreprinderi \u015fi \u00eentreprinderi neagricole mici existente \u015fi nou-\u00eenfiin\u0163ate (start-ups) din spa\u0163iul rural; Fermieri sau membrii unor gospod\u0103rii agricole (autoriza\u0163i cu statut minim pe PFA) care \u00ee\u015fi diversific\u0103 activitatea de baz\u0103 agricol\u0103 prin dezvoltarea unei activit\u0103\u0163i neagricole \u00een zona rural\u0103 \u00een cadrul \u00eentreprinderii deja existente, \u00eencadrabile \u00een micro-\u00eentreprinderi \u015fi \u00eentreprinderi mici, cu excep\u0163ia persoanelor<br \/><a class=\"btn btn-theme post-btn\" href=\"https:\/\/motorinvest.ro\/index.php\/submasura-6-4-sprijin-pentru-investitii-in-crearea-si-dezvoltarea-de-activitati-neagricole\/\">Read More<\/a><\/p>\n","protected":false},"author":1,"featured_media":0,"parent":0,"menu_order":0,"comment_status":"closed","ping_status":"closed","template":"","meta":{"om_disable_all_campaigns":false,"footnotes":""},"class_list":["post-260","page","type-page","status-publish","hentry"],"aioseo_notices":[],"_links":{"self":[{"href":"https:\/\/motorinvest.ro\/index.php\/wp-json\/wp\/v2\/pages\/260","targetHints":{"allow":["GET"]}}],"collection":[{"href":"https:\/\/motorinvest.ro\/index.php\/wp-json\/wp\/v2\/pages"}],"about":[{"href":"https:\/\/motorinvest.ro\/index.php\/wp-json\/wp\/v2\/types\/page"}],"author":[{"embeddable":true,"href":"https:\/\/motorinvest.ro\/index.php\/wp-json\/wp\/v2\/users\/1"}],"replies":[{"embeddable":true,"href":"https:\/\/motorinvest.ro\/index.php\/wp-json\/wp\/v2\/comments?post=260"}],"version-history":[{"count":2,"href":"https:\/\/motorinvest.ro\/index.php\/wp-json\/wp\/v2\/pages\/260\/revisions"}],"predecessor-version":[{"id":274,"href":"https:\/\/motorinvest.ro\/index.php\/wp-json\/wp\/v2\/pages\/260\/revisions\/274"}],"wp:attachment":[{"href":"https:\/\/motorinvest.ro\/index.php\/wp-json\/wp\/v2\/media?parent=260"}],"curies":[{"name":"wp","href":"https:\/\/api.w.org\/{rel}","templated":true}]}}