{"id":2,"date":"2019-03-28T08:06:31","date_gmt":"2019-03-28T08:06:31","guid":{"rendered":"https:\/\/motorinvest.ro\/?page_id=2"},"modified":"2019-05-13T07:12:26","modified_gmt":"2019-05-13T07:12:26","slug":"fonduri-europene","status":"publish","type":"page","link":"https:\/\/motorinvest.ro\/index.php\/fonduri-europene\/","title":{"rendered":"Fonduri Europene"},"content":{"rendered":"\n<p>Pentru perioada 2007-2013 bugetul alocat Rom\u00e2niei pentru accesarea de Fonduri Europene a  fost \u00een valoare total\u0103 de 19,06 miliarde Euro.<\/p>\n\n\n\n<p>Aceste sume fiind destinate cre\u0219terii  performan\u021belor economice \u0219i reducerii deficitelor fa\u021b\u0103 de \u021b\u0103rile membre ale Uniunii Europene.<\/p>\n\n\n\n<p>Perioada 2014-2020 a adus pe toate cele 8 Programe de finan\u021bare, sume ce se ridica la 30,8 miliarde de Euro.<\/p>\n\n\n\n<ul class=\"wp-block-list\"><li>Dintre acestea Programul Opera\u021bional Regional \u2013 6,86 miliarde Euro, <\/li><\/ul>\n\n\n\n<ul class=\"wp-block-list\"><li>Programul Opera\u021bional  Competitivitate \u2013 1,33 miliarde Euro, <\/li><\/ul>\n\n\n\n<ul class=\"wp-block-list\"><li>Programul Na\u021bional pentru Dezvoltare Rural\u0103 \u2013 8,1 miliarde Euro.<\/li><\/ul>\n\n\n\n<p>In primul r\u00e2nd Motor Invest ofer\u0103 servicii de consultan\u021b\u0103 pentru accesarea de Finan\u021b\u0103ri  Nerambursabile plec\u00e2nd de la identificarea nevoilor reale.<\/p>\n\n\n\n<p>Atuul societ\u0103\u021bii const\u0103 \u00een capacitatea de a identifica cu rapiditate si acurate\u021be sursele de  finan\u021bare nerambursabil\u0103 pentru perioada 2014-2020.<\/p>\n\n\n\n<p> Ne re recomand\u0103 de asemenea capacitatea de stabilire a eligibilit\u0103\u021bii pentru momentul  lans\u0103rii programului de finan\u021bare.<\/p>\n\n\n\n<p>Motor Invest dezvolt\u0103 rela\u021bii cu poten\u021bialii beneficiari prin oferirea unui angajament  simplu <\/p>\n\n\n\n<blockquote class=\"wp-block-quote is-layout-flow wp-block-quote-is-layout-flow\"><p><strong>\u2013 oportunitatea de accesare va fi fructificat\u0103, prin asumarea unor \u0219anse reale.<\/strong><\/p><\/blockquote>\n","protected":false},"excerpt":{"rendered":"<p>Pentru perioada 2007-2013 bugetul alocat Rom\u00e2niei pentru accesarea de Fonduri Europene a fost \u00een valoare total\u0103 de 19,06 miliarde Euro. Aceste sume fiind destinate cre\u0219terii performan\u021belor economice \u0219i reducerii deficitelor fa\u021b\u0103 de \u021b\u0103rile membre ale Uniunii Europene. Perioada 2014-2020 a adus pe toate cele 8 Programe de finan\u021bare, sume ce se ridica la 30,8 miliarde<br \/><a class=\"btn btn-theme post-btn\" href=\"https:\/\/motorinvest.ro\/index.php\/fonduri-europene\/\">Read More<\/a><\/p>\n","protected":false},"author":1,"featured_media":0,"parent":0,"menu_order":0,"comment_status":"closed","ping_status":"open","template":"","meta":{"om_disable_all_campaigns":false,"footnotes":""},"class_list":["post-2","page","type-page","status-publish","hentry"],"aioseo_notices":[],"_links":{"self":[{"href":"https:\/\/motorinvest.ro\/index.php\/wp-json\/wp\/v2\/pages\/2","targetHints":{"allow":["GET"]}}],"collection":[{"href":"https:\/\/motorinvest.ro\/index.php\/wp-json\/wp\/v2\/pages"}],"about":[{"href":"https:\/\/motorinvest.ro\/index.php\/wp-json\/wp\/v2\/types\/page"}],"author":[{"embeddable":true,"href":"https:\/\/motorinvest.ro\/index.php\/wp-json\/wp\/v2\/users\/1"}],"replies":[{"embeddable":true,"href":"https:\/\/motorinvest.ro\/index.php\/wp-json\/wp\/v2\/comments?post=2"}],"version-history":[{"count":3,"href":"https:\/\/motorinvest.ro\/index.php\/wp-json\/wp\/v2\/pages\/2\/revisions"}],"predecessor-version":[{"id":229,"href":"https:\/\/motorinvest.ro\/index.php\/wp-json\/wp\/v2\/pages\/2\/revisions\/229"}],"wp:attachment":[{"href":"https:\/\/motorinvest.ro\/index.php\/wp-json\/wp\/v2\/media?parent=2"}],"curies":[{"name":"wp","href":"https:\/\/api.w.org\/{rel}","templated":true}]}}