{"id":187,"date":"2019-04-11T12:49:00","date_gmt":"2019-04-11T12:49:00","guid":{"rendered":"https:\/\/motorinvest.ro\/?page_id=187"},"modified":"2019-05-13T07:14:27","modified_gmt":"2019-05-13T07:14:27","slug":"analiza-financiara-2","status":"publish","type":"page","link":"https:\/\/motorinvest.ro\/index.php\/analiza-financiara-2\/","title":{"rendered":"Analiz\u0103 Financiar\u0103"},"content":{"rendered":"\n<p>Un serviciu care presupune utilizarea unor tehnici \u015fi metode de analiz\u0103 diversificate \u00een vederea determin\u0103rii situa\u0163iei financiare reale a societ\u0103\u0163ii.<br><\/p>\n\n\n\n<p>Acest instrument de supraveghere a activit\u0103\u0163ii \u015fi a preforman\u0163elor \u00eentreprinderii are un rol determinant \u00een stabilirea strategiei de urmat a societ\u0103\u0163ii. Serviciul este structurat astfel:  <\/p>\n\n\n\n<ul class=\"wp-block-list\"><li>Analiza contului de profit \u015fi pierdere,<\/li><li>Analiza bilan\u0163ier\u0103,<\/li><li>Analiza lichidit\u0103\u0163ii \u015fi solvabilit\u0103\u0163ii,<\/li><li>Analiza rentabilit\u0103\u0163ii,<\/li><li>Analiza ratelor de gestiune,<\/li><li>Analiza echilibrului financiar,<\/li><li>Concluzii ale analizei financiare \u015fi m\u0103suri recomandate pentru \u00eembun\u0103t\u0103\u0163irea rezultatelor societ\u0103\u0163ii. <\/li><\/ul>\n\n\n\n<hr class=\"wp-block-separator\"\/>\n\n\n\n<h2 class=\"wp-block-heading\"><strong>RESTRUCTURARE FINANCIAR\u0102<\/strong><\/h2>\n\n\n\n<p>Este un serviciu destinat companiilor in dificultate, acesta avand capacitatea de a fi o ultim\u0103 solu\u021bie \u00eenaintea falimentului:<\/p>\n\n\n\n<ul class=\"wp-block-list\"><li>ETAPA 1 \u2013 Analiza situa\u021biei actuale \u0219i a poten\u021bialelor solu\u021bii de redresare cu principalii creditori ai societ\u0103\u021bii<\/li><li>ETAPA 2 \u2013 Asisten\u021b\u0103 in vederea \u00eentocmirii Planului de restructurare: <\/li><\/ul>\n\n\n\n<hr class=\"wp-block-separator\"\/>\n\n\n\n<h2 class=\"wp-block-heading\"><strong>ACCELERAREA VANZ\u0102RILOR<\/strong><\/h2>\n\n\n\n<p>Un serviciu structurat pe parcursul a 4 etape (<strong>analiza contextual\u0103, modelarea structurii de v\u00e2nz\u0103ri,<\/strong> <strong>managementul structurii de v\u00e2nz\u0103ri, sistemele structurii de v\u00e2nz\u0103ri)<\/strong> vor fi analizate \u00een detaliu rezultatele echipei de v\u00e2nz\u0103ri c\u00e2t \u0219i strategiile actuale aplicate asupra procesului de v\u00e2nzare. Analiza rezultat\u0103 va permite at\u00e2t \u00eembun\u0103t\u0103\u021birea aspectelor descoperite ca fiind deficitare c\u00e2t \u0219i dezvoltarea infrastructurii de v\u00e2nz\u0103ri. Planul complet de ac\u021biune va oferi uneltele unui management adecvat al for\u021bei de v\u00e2nz\u0103ri \u0219i va asigura baza necesar\u0103 pentru dezvoltare durabil\u0103.<\/p>\n","protected":false},"excerpt":{"rendered":"<p>Un serviciu care presupune utilizarea unor tehnici \u015fi metode de analiz\u0103 diversificate \u00een vederea determin\u0103rii situa\u0163iei financiare reale a societ\u0103\u0163ii. Acest instrument de supraveghere a activit\u0103\u0163ii \u015fi a preforman\u0163elor \u00eentreprinderii are un rol determinant \u00een stabilirea strategiei de urmat a societ\u0103\u0163ii. Serviciul este structurat astfel: Analiza contului de profit \u015fi pierdere, Analiza bilan\u0163ier\u0103, Analiza lichidit\u0103\u0163ii<br \/><a class=\"btn btn-theme post-btn\" href=\"https:\/\/motorinvest.ro\/index.php\/analiza-financiara-2\/\">Read More<\/a><\/p>\n","protected":false},"author":1,"featured_media":0,"parent":0,"menu_order":0,"comment_status":"closed","ping_status":"closed","template":"","meta":{"om_disable_all_campaigns":false,"footnotes":""},"class_list":["post-187","page","type-page","status-publish","hentry"],"aioseo_notices":[],"_links":{"self":[{"href":"https:\/\/motorinvest.ro\/index.php\/wp-json\/wp\/v2\/pages\/187","targetHints":{"allow":["GET"]}}],"collection":[{"href":"https:\/\/motorinvest.ro\/index.php\/wp-json\/wp\/v2\/pages"}],"about":[{"href":"https:\/\/motorinvest.ro\/index.php\/wp-json\/wp\/v2\/types\/page"}],"author":[{"embeddable":true,"href":"https:\/\/motorinvest.ro\/index.php\/wp-json\/wp\/v2\/users\/1"}],"replies":[{"embeddable":true,"href":"https:\/\/motorinvest.ro\/index.php\/wp-json\/wp\/v2\/comments?post=187"}],"version-history":[{"count":3,"href":"https:\/\/motorinvest.ro\/index.php\/wp-json\/wp\/v2\/pages\/187\/revisions"}],"predecessor-version":[{"id":230,"href":"https:\/\/motorinvest.ro\/index.php\/wp-json\/wp\/v2\/pages\/187\/revisions\/230"}],"wp:attachment":[{"href":"https:\/\/motorinvest.ro\/index.php\/wp-json\/wp\/v2\/media?parent=187"}],"curies":[{"name":"wp","href":"https:\/\/api.w.org\/{rel}","templated":true}]}}