{"id":13,"date":"2018-07-04T04:03:40","date_gmt":"2018-07-04T04:03:40","guid":{"rendered":"https:\/\/themeansar.com\/demo\/wp\/businessup\/lite\/?page_id=13"},"modified":"2023-01-06T09:45:21","modified_gmt":"2023-01-06T09:45:21","slug":"despre","status":"publish","type":"page","link":"https:\/\/motorinvest.ro\/index.php\/despre\/","title":{"rendered":"Despre noi"},"content":{"rendered":"<h3>Viziune<\/h3>\n<p>Viziunea MOTOR INVEST este de a realiza \u0219i promova proiecte de un real succes la nivel regional, acestea au rolul de a contribui direct la cre\u0219terea competitivit\u0103\u021bii firmelor \u0219i la dezvoltarea durabil\u0103 a societ\u0103\u021bii.<\/p>\n<hr>\n<h3>Misiune<\/h3>\n<p>Misiunea noastr\u0103 este de a fi un partener de \u00eencredere ce va oferi servicii de consultan\u021b\u0103 \u00een management pentru dezvoltarea sustenabil\u0103 a activit\u0103\u021bii economice. Scopul nostru final este de a ad\u0103uga valoare activit\u0103\u021bii clien\u021bilor no\u0219tri , dorim sa dezvoltam rela\u021bii ce au la baz\u0103 nevoile celor pe care \u00eei asist\u0103m \u00een realizarea proiectelor specifice.<\/p>\n<hr>\n<h3>Valori<\/h3>\n<div class=\"lista1\">\n<ul>\n<li>dezvoltare continu\u0103;<\/li>\n<li>consultan\u021b\u0103 bazat\u0103 pe nevoi reale;<\/li>\n<li>asumarea de \u0219anse reale.<\/li>\n<\/ul>\n<hr><\/div>\n<h3>Strategie<\/h3>\n<p>Societatea reune\u0219te la nivelul anului 2019 un grup de tineri profesioni\u0219ti specializa\u021bi \u00een economie, cu experien\u021b\u0103 \u00een accesarea de fonduri nerambursabile, ace\u0219tia dorind s\u0103 asigure pentru viitori clien\u021bi sursele de finan\u021bare necesare \u00een dezvoltarea afacerilor. \u00cen ultimii 11 ani, societatea s-a dezvoltat continuu, iar activitatea noastr\u0103 este cunoscut\u0103 \u0219i recunoscut\u0103 at\u00e2t la nivelul <strong>Regiunii Sud-Vest Oltenia c\u00e2t \u0219i \u00een regiunea Sud Muntenia<\/strong>. Avem convingerea c\u0103 experien\u021ba dob\u00e2ndit\u0103 dea lungul perioadei 2007-2013, se va dovedi esen\u021bial\u0103 pentru asigurarea succesului clien\u021bilor no\u0219tri \u0219i \u00een perioada 2014-2020.<\/p>\n<hr>\n<h3>DE CE NOI<\/h3>\n<p><strong>Documenta\u021biile realizate sunt personalizate<\/strong> \u0219i au in vedere specificul activit\u0103\u021bii pe care solicitantul o desf\u0103\u0219oar\u0103 sau dore\u0219te s\u0103 fie finan\u021bat\u0103 prin intermediul fondurilor nerambursabile.<\/p>\n<p>Vasta experien\u021b\u0103 personal\u0103 a echipei de \u00eentocmire a proiectelor poate permite \u00eembun\u0103t\u0103\u021birea ideii de afacere dincolo de cerin\u021bele uzuale ale programului de finan\u021bare.<\/p>\n<p>Atuurile societ\u0103\u021bii constau \u00een <strong>capacitatea de a identifica cu rapiditate si acurate\u021be sursele de finan\u021bare nerambursabil\u0103<\/strong> pentru perioada <strong>2014-2020<\/strong> \u0219i stabilirea eligibilit\u0103\u021bii pentru momentul lans\u0103rii programului de finan\u021bare.<\/p>\n<p>Motor Invest S.R.L. dezvolt\u0103 rela\u021bii cu poten\u021bialii clien\u021bi prin oferirea unui angajament clar \u2013 <strong>oportunitatea de accesare va fi fructificat\u0103, prin asumarea unor \u0219anse reale.<\/strong><\/p>\n\n\n<p><\/p>\n","protected":false},"excerpt":{"rendered":"<p>Viziune Viziunea MOTOR INVEST este de a realiza \u0219i promova proiecte de un real succes la nivel regional, acestea au rolul de a contribui direct la cre\u0219terea competitivit\u0103\u021bii firmelor \u0219i la dezvoltarea durabil\u0103 a societ\u0103\u021bii. Misiune Misiunea noastr\u0103 este de a fi un partener de \u00eencredere ce va oferi servicii de consultan\u021b\u0103 \u00een management pentru<br \/><a class=\"btn btn-theme post-btn\" href=\"https:\/\/motorinvest.ro\/index.php\/despre\/\">Read More<\/a><\/p>\n","protected":false},"author":1,"featured_media":0,"parent":0,"menu_order":0,"comment_status":"closed","ping_status":"closed","template":"","meta":{"om_disable_all_campaigns":false,"footnotes":""},"class_list":["post-13","page","type-page","status-publish","hentry"],"aioseo_notices":[],"_links":{"self":[{"href":"https:\/\/motorinvest.ro\/index.php\/wp-json\/wp\/v2\/pages\/13","targetHints":{"allow":["GET"]}}],"collection":[{"href":"https:\/\/motorinvest.ro\/index.php\/wp-json\/wp\/v2\/pages"}],"about":[{"href":"https:\/\/motorinvest.ro\/index.php\/wp-json\/wp\/v2\/types\/page"}],"author":[{"embeddable":true,"href":"https:\/\/motorinvest.ro\/index.php\/wp-json\/wp\/v2\/users\/1"}],"replies":[{"embeddable":true,"href":"https:\/\/motorinvest.ro\/index.php\/wp-json\/wp\/v2\/comments?post=13"}],"version-history":[{"count":12,"href":"https:\/\/motorinvest.ro\/index.php\/wp-json\/wp\/v2\/pages\/13\/revisions"}],"predecessor-version":[{"id":356,"href":"https:\/\/motorinvest.ro\/index.php\/wp-json\/wp\/v2\/pages\/13\/revisions\/356"}],"wp:attachment":[{"href":"https:\/\/motorinvest.ro\/index.php\/wp-json\/wp\/v2\/media?parent=13"}],"curies":[{"name":"wp","href":"https:\/\/api.w.org\/{rel}","templated":true}]}}